{"id":9,"date":"2026-02-28T16:03:23","date_gmt":"2026-02-28T16:03:23","guid":{"rendered":"https:\/\/edv.ma\/wordpress\/?page_id=9"},"modified":"2026-03-17T23:57:07","modified_gmt":"2026-03-17T23:57:07","slug":"videos","status":"publish","type":"page","link":"https:\/\/edv.ma\/wordpress\/?page_id=9","title":{"rendered":"Vid\u00e9os"},"content":{"rendered":"<p><!-- vid\u00e9o 1 --><\/p>\n<section style=\"text-align: center; margin-bottom: 40px;\">\n<h1 style=\"color: #1a73e8;\">Pourquoi la vie nous fait passer le test avant la le\u00e7on<\/h1>\n<div style=\"position: relative; padding-bottom: 56.25%; height: 0; overflow: hidden; margin-bottom: 20px;\"><iframe style=\"position: absolute; top: 0; left: 0; width: 100%; height: 100%; border: 0;\" src=\"https:\/\/www.youtube.com\/embed\/VcQBJ8-MLzU\" allowfullscreen=\"allowfullscreen\"><br \/>\n      <\/iframe><\/div>\n<\/section>\n<p><!-- Section  : Vid\u00e9os suppl\u00e9mentaires --><\/p>\n<section style=\"margin-bottom: 40px;\">\n<div style=\"margin-bottom: 30px;\">\n<h1 style=\"color: #1a73e8;\">Pourquoi certaines \u00e9preuves changent notre regard sur la vie<\/h1>\n<div style=\"position: relative; padding-bottom: 56.25%; height: 0; overflow: hidden;\"><iframe style=\"position: absolute; top: 0; left: 0; width: 100%; height: 100%; border: 0;\" src=\"https:\/\/youtube.com\/embed\/ymPNRxTKBbk\" allowfullscreen=\"allowfullscreen\"><br \/>\n        <\/iframe><\/div>\n<\/div>\n<div style=\"margin-bottom: 30px;\">\n<h1 style=\"color: #1a73e8;\">La valeur des petits \u00e9checs quotidiens<\/h1>\n<div style=\"position: relative; padding-bottom: 56.25%; height: 0; overflow: hidden;\"><iframe style=\"position: absolute; top: 0; left: 0; width: 100%; height: 100%; border: 0;\" src=\"https:\/\/www.youtube.com\/embed\/2jvnqpfMRoQ\" allowfullscreen=\"allowfullscreen\"><br \/>\n        <\/iframe><\/div>\n<p>Ces petits \u00e9checs pr\u00e9parent les grandes r\u00e9ussites, ils nous enseignent ce qui fonctionne vraiment.<br \/>\nCes petites exp\u00e9riences porteuses d&rsquo;enseignements vont \u00eatre les morceaux du grand puzzle que nous construisons de notre vie.<\/p>\n<\/div>\n<div style=\"margin-bottom: 30px;\">\n<h1 style=\"color: #1a73e8;\">Comment nos erreurs deviennent nos guides<\/h1>\n<div style=\"position: relative; padding-bottom: 56.25%; height: 0; overflow: hidden;\"><iframe style=\"position: absolute; top: 0; left: 0; width: 100%; height: 100%; border: 0;\" src=\"https:\/\/www.youtube.com\/embed\/LIEN_JOUR4\" allowfullscreen=\"allowfullscreen\"><br \/>\n        <\/iframe><\/div>\n<p>Regardez vos erreurs comme des guides pour devenir la meilleure version de vous-m\u00eame.<\/p>\n<\/div>\n<\/section>\n","protected":false},"excerpt":{"rendered":"<p>Pourquoi la vie nous fait passer le test avant la le\u00e7on Pourquoi certaines \u00e9preuves changent notre regard sur la vie La valeur des petits \u00e9checs quotidiens Ces petits \u00e9checs pr\u00e9parent les grandes r\u00e9ussites, ils nous enseignent ce qui fonctionne vraiment. Ces petites exp\u00e9riences porteuses d&rsquo;enseignements vont \u00eatre les morceaux du grand puzzle que nous construisons [&hellip;]<\/p>\n","protected":false},"author":1,"featured_media":0,"parent":0,"menu_order":0,"comment_status":"closed","ping_status":"closed","template":"","meta":{"_uag_custom_page_level_css":"","footnotes":""},"class_list":["post-9","page","type-page","status-publish","hentry","entry"],"uagb_featured_image_src":{"full":false,"thumbnail":false,"medium":false,"medium_large":false,"large":false,"1536x1536":false,"2048x2048":false,"ocean-thumb-m":false,"ocean-thumb-ml":false,"ocean-thumb-l":false},"uagb_author_info":{"display_name":"admin","author_link":"https:\/\/edv.ma\/wordpress\/?author=1"},"uagb_comment_info":0,"uagb_excerpt":"Pourquoi la vie nous fait passer le test avant la le\u00e7on Pourquoi certaines \u00e9preuves changent notre regard sur la vie La valeur des petits \u00e9checs quotidiens Ces petits \u00e9checs pr\u00e9parent les grandes r\u00e9ussites, ils nous enseignent ce qui fonctionne vraiment. Ces petites exp\u00e9riences porteuses d&rsquo;enseignements vont \u00eatre les morceaux du grand puzzle que nous construisons\u2026","_links":{"self":[{"href":"https:\/\/edv.ma\/wordpress\/index.php?rest_route=\/wp\/v2\/pages\/9","targetHints":{"allow":["GET"]}}],"collection":[{"href":"https:\/\/edv.ma\/wordpress\/index.php?rest_route=\/wp\/v2\/pages"}],"about":[{"href":"https:\/\/edv.ma\/wordpress\/index.php?rest_route=\/wp\/v2\/types\/page"}],"author":[{"embeddable":true,"href":"https:\/\/edv.ma\/wordpress\/index.php?rest_route=\/wp\/v2\/users\/1"}],"replies":[{"embeddable":true,"href":"https:\/\/edv.ma\/wordpress\/index.php?rest_route=%2Fwp%2Fv2%2Fcomments&post=9"}],"version-history":[{"count":3,"href":"https:\/\/edv.ma\/wordpress\/index.php?rest_route=\/wp\/v2\/pages\/9\/revisions"}],"predecessor-version":[{"id":189,"href":"https:\/\/edv.ma\/wordpress\/index.php?rest_route=\/wp\/v2\/pages\/9\/revisions\/189"}],"wp:attachment":[{"href":"https:\/\/edv.ma\/wordpress\/index.php?rest_route=%2Fwp%2Fv2%2Fmedia&parent=9"}],"curies":[{"name":"wp","href":"https:\/\/api.w.org\/{rel}","templated":true}]}}