{"id":5,"date":"2026-02-28T16:02:33","date_gmt":"2026-02-28T16:02:33","guid":{"rendered":"https:\/\/edv.ma\/wordpress\/?page_id=5"},"modified":"2026-03-19T23:53:55","modified_gmt":"2026-03-19T23:53:55","slug":"accueil","status":"publish","type":"page","link":"https:\/\/edv.ma\/wordpress\/","title":{"rendered":"Accueil"},"content":{"rendered":"\n\n\n<i> <style=\"color: #44FF44;\" > Certaines le\u00e7ons ne s\u2019apprennent pas dans les livres. Elles apparaissent \u00e0 travers l\u2019exp\u00e9rience.<\/style><br><br><\/i>\n\n\n\n<h2 class=\"wp-block-heading\">Une id\u00e9e simple<\/h2>\n\n\n\n<p>Il y a quelque chose d\u2019\u00e9trange dans la vie. \n\u00c0 l\u2019\u00e9cole, on apprend d\u2019abord la le\u00e7on\u2026 et ensuite on passe le test. \n<br>Dans la vie, c\u2019est souvent l\u2019inverse.\n\n\n\n<p>Nous traversons une \u00e9preuve, un doute, une difficult\u00e9\u2026 et ce n\u2019est que plus tard que la compr\u00e9hension appara\u00eet. <br>Parfois longtemps apr\u00e8s.<\/p>\n\n\n\n<h5 style=\"color: #000000;\">Un espace est n\u00e9 de cette observation : <\/h5>\n<p><!-- Section 1 : Qu\u2019est-ce que EDV --><\/p>\n<section style=\"background: #f5f5f5; padding: 20px; margin-bottom: 40px; border-radius: 8px;\">\n   <h2 style=\"color: #1a73e8;\">EDV \u2014 \u00c9cole de la Vie <\/h2>\n\n<p>EDV n\u2019est pas une \u00e9cole classique. Ici, on partage ce qui a \u00e9t\u00e9 <strong>exp\u00e9riment\u00e9 et fonctionne r\u00e9ellement<\/strong>.<br \/>Pas juste du savoir, mais de la <strong>connaissance vivante<\/strong>.<\/p>\n\n<\/section>\n<p><!-- D\u00e9but EDV Page Accueil --><\/p>\n<div style=\"max-width: 800px; margin: 0 auto; font-family: Arial, sans-serif; line-height: 1.6; color: #222;\">\n<p><!-- Section 2 : Vid\u00e9o principale --><\/p>\n<section style=\"text-align: center; margin-bottom: 40px;\">\n<h1 style=\"color: #1a73e8;\">Pourquoi la vie nous fait passer le test avant la le\u00e7on<\/h1>\n<div style=\"position: relative; padding-bottom: 56.25%; height: 0; overflow: hidden; margin-bottom: 20px;\"><iframe style=\"position: absolute; top: 0; left: 0; width: 100%; height: 100%; border: 0;\" src=\"https:\/\/www.youtube.com\/embed\/VcQBJ8-MLzU\" allowfullscreen=\"allowfullscreen\"><br \/>\n      <\/iframe><\/div>\n<p>Il arrive dans la vie que certaines exp\u00e9riences semblent impossibles \u00e0 comprendre.<br \/>\u00c0 l\u2019\u00e9cole, on apprend d\u2019abord la le\u00e7on\u2026 puis on passe le test.<br \/>Dans la vie, c\u2019est souvent l\u2019inverse.<br \/><strong>EDV \u2014 \u00c9cole de la Vie<\/strong> est un espace pour observer, r\u00e9fl\u00e9chir et comprendre ce que nos exp\u00e9riences veulent nous enseigner.<br \/>Prenez un moment, respirez, et laissez-vous traverser par cette id\u00e9e.<\/p>\n<\/section>\n<p><!-- Section 3 : Vid\u00e9os suppl\u00e9mentaires --><\/p>\n<section style=\"margin-bottom: 40px;\">\n<div style=\"margin-bottom: 30px;\">\n<h1 style=\"color: #1a73e8;\">Pourquoi certaines \u00e9preuves changent notre regard sur la vie<\/h1>\n<div style=\"position: relative; padding-bottom: 56.25%; height: 0; overflow: hidden;\"><iframe style=\"position: absolute; top: 0; left: 0; width: 100%; height: 100%; border: 0;\" src=\"https:\/\/youtube.com\/embed\/ymPNRxTKBbk\" allowfullscreen=\"allowfullscreen\"><br \/>\n        <\/iframe><\/div>\n<p>Certaines exp\u00e9riences peuvent \u00eatre tr\u00e8s fortes.\nElles peuvent nous surprendre\u2026\nnous d\u00e9stabiliser\u2026\nparfois m\u00eame nous faire douter de beaucoup de choses.\nSur le moment, on ne comprend pas toujours ce qui se passe.\nOn est simplement dans l\u2019exp\u00e9rience.<\/p>\n<\/div>\n<div style=\"margin-bottom: 30px;\">\n<h1 style=\"color: #1a73e8;\">La valeur des petits \u00e9checs quotidiens<\/h1>\n<div style=\"position: relative; padding-bottom: 56.25%; height: 0; overflow: hidden;\"><iframe style=\"position: absolute; top: 0; left: 0; width: 100%; height: 100%; border: 0;\" src=\"https:\/\/www.youtube.com\/embed\/2jvnqpfMRoQ\" allowfullscreen=\"allowfullscreen\"><br \/>\n        <\/iframe><\/div>\n<p>Ces petits \u00e9checs pr\u00e9parent les grandes r\u00e9ussites, ils nous enseignent ce qui fonctionne vraiment.<br>\nCes petites exp\u00e9riences porteuses d&rsquo;enseignements vont \u00eatre les morceaux du grand puzzle que nous construisons de notre vie.<\/p>\n<\/div>\n<div style=\"margin-bottom: 30px;\">\n<h1 style=\"color: #1a73e8;\">Quand une le\u00e7on de la vie revient sous diff\u00e9rentes formes<\/h1>\n<div style=\"position: relative; padding-bottom: 56.25%; height: 0; overflow: hidden;\"><iframe style=\"position: absolute; top: 0; left: 0; width: 100%; height: 100%; border: 0;\" src=\"https:\/\/www.youtube.com\/embed\/QgWi1Thflqg\" allowfullscreen=\"allowfullscreen\"><br \/>\n        <\/iframe><\/div>\n<p>Alors peut-\u00eatre que si une situation\nsemble revenir dans votre vie\u2026\nla question n\u2019est pas :\n\u201cPourquoi cela se r\u00e9p\u00e8te ?\u201d\nMais plut\u00f4t :\n\u201cQu\u2019est-ce que je n\u2019ai pas encore vu ?\u201d<\/p>\n<\/div>\n<\/section>\n<p><!-- Section 4 : R\u00e9flexion --><\/p>\n<section style=\"background: #f5f5f5; padding: 20px; border-radius: 8px;\">\n<h2 style=\"color: #1a73e8;\">R\u00e9flexion<\/h2>\n<p>Quelle petite le\u00e7on avez-vous apprise cette semaine ? Partagez vos pens\u00e9es et observez comment elles r\u00e9sonnent avec EDV.<\/p>\n<\/section>\n<\/div>\n<p><!-- Fin EDV Page Accueil --><\/p>\n\n","protected":false},"excerpt":{"rendered":"<p>Une id\u00e9e simple Il y a quelque chose d\u2019\u00e9trange dans la vie. \u00c0 l\u2019\u00e9cole, on apprend d\u2019abord la le\u00e7on\u2026 et ensuite on passe le test. Dans la vie, c\u2019est souvent l\u2019inverse. Nous traversons une \u00e9preuve, un doute, une difficult\u00e9\u2026 et ce n\u2019est que plus tard que la compr\u00e9hension appara\u00eet. Parfois longtemps apr\u00e8s. Un espace est [&hellip;]<\/p>\n","protected":false},"author":1,"featured_media":0,"parent":0,"menu_order":0,"comment_status":"closed","ping_status":"closed","template":"","meta":{"_uag_custom_page_level_css":"","footnotes":""},"class_list":["post-5","page","type-page","status-publish","hentry","entry"],"uagb_featured_image_src":{"full":false,"thumbnail":false,"medium":false,"medium_large":false,"large":false,"1536x1536":false,"2048x2048":false,"ocean-thumb-m":false,"ocean-thumb-ml":false,"ocean-thumb-l":false},"uagb_author_info":{"display_name":"admin","author_link":"https:\/\/edv.ma\/wordpress\/?author=1"},"uagb_comment_info":0,"uagb_excerpt":"Une id\u00e9e simple Il y a quelque chose d\u2019\u00e9trange dans la vie. \u00c0 l\u2019\u00e9cole, on apprend d\u2019abord la le\u00e7on\u2026 et ensuite on passe le test. Dans la vie, c\u2019est souvent l\u2019inverse. Nous traversons une \u00e9preuve, un doute, une difficult\u00e9\u2026 et ce n\u2019est que plus tard que la compr\u00e9hension appara\u00eet. Parfois longtemps apr\u00e8s. Un espace est\u2026","_links":{"self":[{"href":"https:\/\/edv.ma\/wordpress\/index.php?rest_route=\/wp\/v2\/pages\/5","targetHints":{"allow":["GET"]}}],"collection":[{"href":"https:\/\/edv.ma\/wordpress\/index.php?rest_route=\/wp\/v2\/pages"}],"about":[{"href":"https:\/\/edv.ma\/wordpress\/index.php?rest_route=\/wp\/v2\/types\/page"}],"author":[{"embeddable":true,"href":"https:\/\/edv.ma\/wordpress\/index.php?rest_route=\/wp\/v2\/users\/1"}],"replies":[{"embeddable":true,"href":"https:\/\/edv.ma\/wordpress\/index.php?rest_route=%2Fwp%2Fv2%2Fcomments&post=5"}],"version-history":[{"count":60,"href":"https:\/\/edv.ma\/wordpress\/index.php?rest_route=\/wp\/v2\/pages\/5\/revisions"}],"predecessor-version":[{"id":192,"href":"https:\/\/edv.ma\/wordpress\/index.php?rest_route=\/wp\/v2\/pages\/5\/revisions\/192"}],"wp:attachment":[{"href":"https:\/\/edv.ma\/wordpress\/index.php?rest_route=%2Fwp%2Fv2%2Fmedia&parent=5"}],"curies":[{"name":"wp","href":"https:\/\/api.w.org\/{rel}","templated":true}]}}